{"id":5293,"date":"2024-02-28T10:34:43","date_gmt":"2024-02-28T10:34:43","guid":{"rendered":"http:\/\/www.moroccanartdesign.com\/index.php\/product\/mille-et-une-lumieres\/"},"modified":"2024-02-29T21:48:16","modified_gmt":"2024-02-29T21:48:16","slug":"mille-et-une-lumieres","status":"publish","type":"product","link":"http:\/\/www.moroccanartdesign.com\/index.php\/product\/mille-et-une-lumieres\/","title":{"rendered":"Mille et une lumi\u00e8res"},"content":{"rendered":"<p><span style=\"font-weight: 400;\">Mille et une lumi\u00e8re, telle une \u00e9toile venue tout droit du d\u00e9sert marocain, se dresse fi\u00e8rement sur sa base dor\u00e9e. Sa lumi\u00e8re douce et tamis\u00e9e par un abat-jour en cuivre travaill\u00e9 \u00e0 la main, cr\u00e9e une ambiance chaleureuse et mystique dans toute pi\u00e8ce o\u00f9 elle est plac\u00e9e. Les motifs g\u00e9om\u00e9triques grav\u00e9s sur sa surface rappellent les anciennes traditions artisanales marocaines, tandis que son socle en cuivre lisse qui \u00e9l\u00e8ve cette lampe d\u2019exception ajoute une touche de charme et de sophistication. Avec Les mille et une lumi\u00e8re, laissez-vous transporter dans un monde de r\u00eave et d&#8217;exotisme oriental.<\/span><\/p>\n","protected":false},"excerpt":{"rendered":"<p>Mille et une lumi\u00e8re, telle une \u00e9toile venue tout droit du d\u00e9sert marocain, se dresse fi\u00e8rement sur sa base dor\u00e9e&#8230;.<\/p>\n","protected":false},"featured_media":5304,"comment_status":"open","ping_status":"closed","template":"","meta":[],"product_cat":[51],"product_tag":[],"class_list":{"0":"post-5293","1":"product","2":"type-product","3":"status-publish","4":"has-post-thumbnail","6":"product_cat-cuivre","8":"first","9":"instock","10":"shipping-taxable","11":"purchasable","12":"product-type-simple"},"_links":{"self":[{"href":"http:\/\/www.moroccanartdesign.com\/index.php\/wp-json\/wp\/v2\/product\/5293","targetHints":{"allow":["GET"]}}],"collection":[{"href":"http:\/\/www.moroccanartdesign.com\/index.php\/wp-json\/wp\/v2\/product"}],"about":[{"href":"http:\/\/www.moroccanartdesign.com\/index.php\/wp-json\/wp\/v2\/types\/product"}],"replies":[{"embeddable":true,"href":"http:\/\/www.moroccanartdesign.com\/index.php\/wp-json\/wp\/v2\/comments?post=5293"}],"wp:featuredmedia":[{"embeddable":true,"href":"http:\/\/www.moroccanartdesign.com\/index.php\/wp-json\/wp\/v2\/media\/5304"}],"wp:attachment":[{"href":"http:\/\/www.moroccanartdesign.com\/index.php\/wp-json\/wp\/v2\/media?parent=5293"}],"wp:term":[{"taxonomy":"product_cat","embeddable":true,"href":"http:\/\/www.moroccanartdesign.com\/index.php\/wp-json\/wp\/v2\/product_cat?post=5293"},{"taxonomy":"product_tag","embeddable":true,"href":"http:\/\/www.moroccanartdesign.com\/index.php\/wp-json\/wp\/v2\/product_tag?post=5293"}],"curies":[{"name":"wp","href":"https:\/\/api.w.org\/{rel}","templated":true}]}}