{"id":5294,"date":"2024-02-28T10:34:43","date_gmt":"2024-02-28T10:34:43","guid":{"rendered":"http:\/\/www.moroccanartdesign.com\/index.php\/product\/les-rosettes\/"},"modified":"2024-02-28T11:08:02","modified_gmt":"2024-02-28T11:08:02","slug":"les-rosettes","status":"publish","type":"product","link":"http:\/\/www.moroccanartdesign.com\/index.php\/product\/les-rosettes\/","title":{"rendered":"Les rosettes"},"content":{"rendered":"<p><span style=\"font-weight: 400;\">Les Rosette, une suspension murale marocaine, symbole de l&#8217;art oriental qui fascine et enchante. Des motifs floraux et g\u00e9om\u00e9triques entrelac\u00e9s, des arabesques d\u00e9licates finement cisel\u00e9es. Une lumi\u00e8re douce et tamis\u00e9e se diffuse, Dans la pi\u00e8ce, une ambiance chaleureuse s&#8217;installe, diffusant une aura mystique et envo\u00fbtante. Les couleurs chatoyantes et dor\u00e9es rayonnent tel un soleil dans l&#8217;obscurit\u00e9. Les Rosette, une suspension murale \u00e9blouissante qui invite \u00e0 la contemplation et \u00e0 la r\u00eaverie enivrante. Un joyau de l&#8217;artisanat marocain qui \u00e9veille les sens et nourrit l&#8217;\u00e2me de ses bienfaits divins.<\/span><\/p>\n","protected":false},"excerpt":{"rendered":"<p>Les Rosette, une suspension murale marocaine, symbole de l&#8217;art oriental qui fascine et enchante. Des motifs floraux et g\u00e9om\u00e9triques entrelac\u00e9s,&#8230;<\/p>\n","protected":false},"featured_media":5312,"comment_status":"open","ping_status":"closed","template":"","meta":[],"product_cat":[51],"product_tag":[],"class_list":{"0":"post-5294","1":"product","2":"type-product","3":"status-publish","4":"has-post-thumbnail","6":"product_cat-cuivre","8":"first","9":"instock","10":"shipping-taxable","11":"purchasable","12":"product-type-simple"},"_links":{"self":[{"href":"http:\/\/www.moroccanartdesign.com\/index.php\/wp-json\/wp\/v2\/product\/5294","targetHints":{"allow":["GET"]}}],"collection":[{"href":"http:\/\/www.moroccanartdesign.com\/index.php\/wp-json\/wp\/v2\/product"}],"about":[{"href":"http:\/\/www.moroccanartdesign.com\/index.php\/wp-json\/wp\/v2\/types\/product"}],"replies":[{"embeddable":true,"href":"http:\/\/www.moroccanartdesign.com\/index.php\/wp-json\/wp\/v2\/comments?post=5294"}],"wp:featuredmedia":[{"embeddable":true,"href":"http:\/\/www.moroccanartdesign.com\/index.php\/wp-json\/wp\/v2\/media\/5312"}],"wp:attachment":[{"href":"http:\/\/www.moroccanartdesign.com\/index.php\/wp-json\/wp\/v2\/media?parent=5294"}],"wp:term":[{"taxonomy":"product_cat","embeddable":true,"href":"http:\/\/www.moroccanartdesign.com\/index.php\/wp-json\/wp\/v2\/product_cat?post=5294"},{"taxonomy":"product_tag","embeddable":true,"href":"http:\/\/www.moroccanartdesign.com\/index.php\/wp-json\/wp\/v2\/product_tag?post=5294"}],"curies":[{"name":"wp","href":"https:\/\/api.w.org\/{rel}","templated":true}]}}