{"id":5295,"date":"2024-02-28T10:34:43","date_gmt":"2024-02-28T10:34:43","guid":{"rendered":"http:\/\/www.moroccanartdesign.com\/index.php\/product\/perle-de-minuit\/"},"modified":"2024-02-28T11:10:28","modified_gmt":"2024-02-28T11:10:28","slug":"perle-de-minuit","status":"publish","type":"product","link":"http:\/\/www.moroccanartdesign.com\/index.php\/product\/perle-de-minuit\/","title":{"rendered":"Perle de Lumi\u00e8re"},"content":{"rendered":"<p><span style=\"font-weight: 400;\">La Perle de Lumi\u00e8re, suspendue gracieusement dans l&#8217;air, est une merveille de l&#8217;art marocain. Sa forme de perle captive les yeux avec sa courbe douce et \u00e9l\u00e9gante, \u00e9voquant le myst\u00e8re et l&#8217;\u00e9l\u00e9gance de l&#8217;Orient. La lumi\u00e8re qui jaillit de cette suspension est douce et r\u00e9confortante, comme si elle apportait une touche de chaleur et de confort \u00e0 tout l&#8217;espace environnant.<\/span><\/p>\n<p><span style=\"font-weight: 400;\">La Perle de Lumi\u00e8re est plus qu&#8217;un simple objet d&#8217;\u00e9clairage. Elle est un v\u00e9ritable joyau suspendu, un ornement qui attire tous les regards. Le cuivre travaill\u00e9 avec soin qui l&#8217;entoure est un hommage \u00e0 la finesse du travail des artisans marocains, qui ont su transformer un simple luminaire en une \u0153uvre d&#8217;art raffin\u00e9e.<\/span><\/p>\n<p><span style=\"font-weight: 400;\">La Perle de Lumi\u00e8re semble flotter dans les airs, comme si elle \u00e9tait suspendue par magie.\u00a0<\/span><\/p>\n<p><span style=\"font-weight: 400;\">Lorsque la nuit tombe, la Perle de Lumi\u00e8re prend vie, projetant des ombres d\u00e9licates et dansantes sur les murs et les plafonds environnants. Elle \u00e9voque un monde myst\u00e9rieux et enchanteur, qui invite \u00e0 la d\u00e9tente et \u00e0 la contemplation.<\/span><\/p>\n<p><span style=\"font-weight: 400;\">En somme, la Perle de Lumi\u00e8re est une suspension luminaire qui associe l&#8217;art, la beaut\u00e9 et la fonctionnalit\u00e9 en une \u0153uvre d&#8217;art exceptionnelle. Elle apporte une touche de po\u00e9sie \u00e0 tout lieu o\u00f9 elle est install\u00e9e, cr\u00e9ant ainsi une ambiance unique et inoubliable.<\/span><\/p>\n","protected":false},"excerpt":{"rendered":"<p>La Perle de Lumi\u00e8re, suspendue gracieusement dans l&#8217;air, est une merveille de l&#8217;art marocain. Sa forme de perle captive les&#8230;<\/p>\n","protected":false},"featured_media":5316,"comment_status":"open","ping_status":"closed","template":"","meta":[],"product_cat":[51],"product_tag":[],"class_list":{"0":"post-5295","1":"product","2":"type-product","3":"status-publish","4":"has-post-thumbnail","6":"product_cat-cuivre","8":"first","9":"instock","10":"shipping-taxable","11":"purchasable","12":"product-type-simple"},"_links":{"self":[{"href":"http:\/\/www.moroccanartdesign.com\/index.php\/wp-json\/wp\/v2\/product\/5295","targetHints":{"allow":["GET"]}}],"collection":[{"href":"http:\/\/www.moroccanartdesign.com\/index.php\/wp-json\/wp\/v2\/product"}],"about":[{"href":"http:\/\/www.moroccanartdesign.com\/index.php\/wp-json\/wp\/v2\/types\/product"}],"replies":[{"embeddable":true,"href":"http:\/\/www.moroccanartdesign.com\/index.php\/wp-json\/wp\/v2\/comments?post=5295"}],"wp:featuredmedia":[{"embeddable":true,"href":"http:\/\/www.moroccanartdesign.com\/index.php\/wp-json\/wp\/v2\/media\/5316"}],"wp:attachment":[{"href":"http:\/\/www.moroccanartdesign.com\/index.php\/wp-json\/wp\/v2\/media?parent=5295"}],"wp:term":[{"taxonomy":"product_cat","embeddable":true,"href":"http:\/\/www.moroccanartdesign.com\/index.php\/wp-json\/wp\/v2\/product_cat?post=5295"},{"taxonomy":"product_tag","embeddable":true,"href":"http:\/\/www.moroccanartdesign.com\/index.php\/wp-json\/wp\/v2\/product_tag?post=5295"}],"curies":[{"name":"wp","href":"https:\/\/api.w.org\/{rel}","templated":true}]}}