{"id":5297,"date":"2024-02-28T10:34:43","date_gmt":"2024-02-28T10:34:43","guid":{"rendered":"http:\/\/www.moroccanartdesign.com\/index.php\/product\/arabesque\/"},"modified":"2024-02-28T12:10:52","modified_gmt":"2024-02-28T12:10:52","slug":"arabesque","status":"publish","type":"product","link":"http:\/\/www.moroccanartdesign.com\/index.php\/product\/arabesque\/","title":{"rendered":"Arabesque"},"content":{"rendered":"<p><span style=\"font-weight: 400;\">Aimeriez-vous \u00eatre \u00e9bloui par le mirage arabe ?<\/span><\/p>\n<p><span style=\"font-weight: 400;\">Faites-vous plaisir avec cette lampe de table marocaine r\u00e9alis\u00e9e par les meilleurs artisans du pays. Son charmant d\u00f4me \u00e9pouse \u00e9l\u00e9gamment son socle en cuivre de qualit\u00e9. Pr\u00e9lassez-vous le soir avec des rayons de lumi\u00e8re dor\u00e9s per\u00e7ant \u00e0 travers le cuivre bross\u00e9 et \u00e9merveillez-vous devant le jeu de lumi\u00e8res avec de beaux motifs sur les murs et plafonds de votre espace. Laissez les sculptures \u00e9toil\u00e9es vous emmener dans la romance d&#8217;un r\u00eave de 1001 nuits. De plus, la lampe est un mod\u00e8le travaill\u00e9 par les mains d\u2019un artisan, vous aurez une pi\u00e8ce unique avec son histoire pour \u00e9merveiller vos convives.\u00a0<\/span><\/p>\n","protected":false},"excerpt":{"rendered":"<p>Aimeriez-vous \u00eatre \u00e9bloui par le mirage arabe ? Faites-vous plaisir avec cette lampe de table marocaine r\u00e9alis\u00e9e par les meilleurs&#8230;<\/p>\n","protected":false},"featured_media":5323,"comment_status":"open","ping_status":"closed","template":"","meta":[],"product_cat":[51],"product_tag":[],"class_list":{"0":"post-5297","1":"product","2":"type-product","3":"status-publish","4":"has-post-thumbnail","6":"product_cat-cuivre","8":"first","9":"instock","10":"shipping-taxable","11":"purchasable","12":"product-type-simple"},"_links":{"self":[{"href":"http:\/\/www.moroccanartdesign.com\/index.php\/wp-json\/wp\/v2\/product\/5297","targetHints":{"allow":["GET"]}}],"collection":[{"href":"http:\/\/www.moroccanartdesign.com\/index.php\/wp-json\/wp\/v2\/product"}],"about":[{"href":"http:\/\/www.moroccanartdesign.com\/index.php\/wp-json\/wp\/v2\/types\/product"}],"replies":[{"embeddable":true,"href":"http:\/\/www.moroccanartdesign.com\/index.php\/wp-json\/wp\/v2\/comments?post=5297"}],"wp:featuredmedia":[{"embeddable":true,"href":"http:\/\/www.moroccanartdesign.com\/index.php\/wp-json\/wp\/v2\/media\/5323"}],"wp:attachment":[{"href":"http:\/\/www.moroccanartdesign.com\/index.php\/wp-json\/wp\/v2\/media?parent=5297"}],"wp:term":[{"taxonomy":"product_cat","embeddable":true,"href":"http:\/\/www.moroccanartdesign.com\/index.php\/wp-json\/wp\/v2\/product_cat?post=5297"},{"taxonomy":"product_tag","embeddable":true,"href":"http:\/\/www.moroccanartdesign.com\/index.php\/wp-json\/wp\/v2\/product_tag?post=5297"}],"curies":[{"name":"wp","href":"https:\/\/api.w.org\/{rel}","templated":true}]}}